{"id":474,"date":"2026-02-02T15:02:30","date_gmt":"2026-02-02T14:02:30","guid":{"rendered":"https:\/\/reussirensemblepoursaintmichel.fr\/?page_id=474"},"modified":"2026-02-02T15:03:08","modified_gmt":"2026-02-02T14:03:08","slug":"nicole-rogeaux","status":"publish","type":"page","link":"https:\/\/reussirensemblepoursaintmichel.fr\/index.php\/notre-equipe\/nicole-rogeaux\/","title":{"rendered":"Nicole ROGEAUX"},"content":{"rendered":"\n<div class=\"wp-block-cover alignfull\" style=\"margin-top:0;margin-bottom:0;padding-top:0px;padding-bottom:80px;min-height:213px;aspect-ratio:unset;\"><img loading=\"lazy\" decoding=\"async\" width=\"1024\" height=\"576\" class=\"wp-block-cover__image-background wp-image-182 size-large\" alt=\"\" src=\"http:\/\/reussirensemblepoursaintmichel.fr\/wp-content\/uploads\/2026\/01\/Entete-arriere-plan-1024x576.png\" data-object-fit=\"cover\" srcset=\"https:\/\/reussirensemblepoursaintmichel.fr\/wp-content\/uploads\/2026\/01\/Entete-arriere-plan-1024x576.png 1024w, https:\/\/reussirensemblepoursaintmichel.fr\/wp-content\/uploads\/2026\/01\/Entete-arriere-plan-300x169.png 300w, https:\/\/reussirensemblepoursaintmichel.fr\/wp-content\/uploads\/2026\/01\/Entete-arriere-plan-768x432.png 768w, https:\/\/reussirensemblepoursaintmichel.fr\/wp-content\/uploads\/2026\/01\/Entete-arriere-plan.png 1366w\" sizes=\"auto, (max-width: 1024px) 100vw, 1024px\" \/><span aria-hidden=\"true\" class=\"wp-block-cover__background has-background-dim-0 has-background-dim\" style=\"background-color:#e9ceb0\"><\/span><div class=\"wp-block-cover__inner-container has-global-padding is-layout-constrained wp-container-core-cover-is-layout-d4c6b484 wp-block-cover-is-layout-constrained\">\n<div style=\"height:80px\" aria-hidden=\"true\" class=\"wp-block-spacer\"><\/div>\n\n\n\n<h1 class=\"wp-block-heading has-text-align-center has-text-color has-link-color has-system-font-font-family wp-elements-927d9dc3cc4c088de61b81bbaf9b420a\" style=\"color:#ffffff;font-size:clamp(38.682px, 2.418rem + ((1vw - 3.2px) * 3.786), 72px);font-style:normal;font-weight:600\">Nicole ROGEAUX<\/h1>\n<\/div><\/div>\n\n\n\n<div class=\"wp-block-group alignwide has-global-padding is-layout-constrained wp-container-core-group-is-layout-5ff8a92b wp-block-group-is-layout-constrained\" style=\"margin-top:0;margin-bottom:0;padding-top:100px;padding-bottom:100px\">\n<div class=\"wp-block-columns is-layout-flex wp-container-core-columns-is-layout-92515837 wp-block-columns-is-layout-flex\">\n<div class=\"wp-block-column is-layout-flow wp-block-column-is-layout-flow\">\n<div id=\"wp-block-cp-cool-flipbox-block-8fbee738\" class=\"wp-block-cp-cool-flipbox-block anim flipY\"><div class=\"cfb-block-flip-inner\"><div class=\"cfb-block-flip-front\"><div class=\"cfb-block-flip-content\"><h3 class=\"cfb-block-front-title\"><\/h3><p class=\"cfb-block-front-desc\"><\/p><\/div><\/div><div class=\"cfb-block-flip-back\"><div class=\"cfb-block-flip-content\">\n<p><\/p>\n<\/div><\/div><\/div><\/div>\n<\/div>\n\n\n\n<div class=\"wp-block-column is-vertically-aligned-center has-global-padding is-content-justification-left is-layout-constrained wp-container-core-column-is-layout-12dd3699 wp-block-column-is-layout-constrained\">\n<p class=\"has-text-color has-link-color has-pontano-sans-font-family wp-elements-8382039af0a90081278a5e78a2fb0181\" style=\"color:#000000;font-size:clamp(14px, 0.875rem + ((1vw - 3.2px) * 0.455), 18px);\">Je vous pr\u00e9sente Nicole, ma 19\u1d49 colisti\u00e8re et doyenne de la liste \u00ab\u00a0R\u00e9ussir Ensemble\u00a0\u00bb.<\/p>\n\n\n\n<p>Retrait\u00e9e de l\u2019enseignement, Nicole a consacr\u00e9 plus de 35 ans de sa vie \u00e0 l\u2019\u00e9ducation des enfants de notre commune, de la maternelle au CE1. Des g\u00e9n\u00e9rations d\u2019\u00e9l\u00e8ves ont b\u00e9n\u00e9fici\u00e9 de son engagement, de sa patience et de son sens de l\u2019\u00e9coute.<\/p>\n\n\n\n<p>Tout au long de sa carri\u00e8re, elle a transmis et incarn\u00e9 des valeurs essentielles : le respect, le dialogue, la bienveillance et l\u2019attention port\u00e9e \u00e0 chacun. Des valeurs qui ne s\u2019arr\u00eatent pas aux portes de l\u2019\u00e9cole et qui sont aujourd\u2019hui plus que jamais n\u00e9cessaires pour construire une commune harmonieuse et solidaire. <\/p>\n\n\n\n<p>Nicole conna\u00eet aussi tr\u00e8s bien la vie municipale gr\u00e2ce \u00e0 son exp\u00e9rience d\u2019\u00e9lue, preuve de son attachement profond \u00e0 l\u2019int\u00e9r\u00eat g\u00e9n\u00e9ral et \u00e0 notre territoire. Son parcours, son humanit\u00e9 et son sens du service sont de vrais atouts pour notre \u00e9quipe. <\/p>\n\n\n\n<p class=\"has-text-color has-link-color has-pontano-sans-font-family wp-elements-d7cd17fa48742b6b90a254be6b351c75\" style=\"color:#000000;font-size:clamp(14px, 0.875rem + ((1vw - 3.2px) * 0.455), 18px);\">Je suis tr\u00e8s fier et tr\u00e8s heureux de pouvoir compter Nicole parmi les membres de l\u2019\u00e9quipe que je porte pour notre commune.<\/p>\n<\/div>\n<\/div>\n<\/div>\n\n\n\n<section class=\"wp-block-cover alignfull is-light wp-duotone-unset-1\" style=\"border-style:none;border-width:0px;border-top-left-radius:0px;border-top-right-radius:0px;border-bottom-left-radius:0px;border-bottom-right-radius:0px;margin-top:0px;padding-top:1.01rem;padding-bottom:1.01rem;min-height:430px;aspect-ratio:unset;\"><img loading=\"lazy\" decoding=\"async\" width=\"1075\" height=\"591\" class=\"wp-block-cover__image-background wp-image-117 size-full\" alt=\"\" src=\"http:\/\/reussirensemblepoursaintmichel.fr\/wp-content\/uploads\/2025\/12\/c81be87d-94ab-4815-8093-3fd032189155-1.jpg\" style=\"object-position:50% 99%\" data-object-fit=\"cover\" data-object-position=\"50% 99%\" srcset=\"https:\/\/reussirensemblepoursaintmichel.fr\/wp-content\/uploads\/2025\/12\/c81be87d-94ab-4815-8093-3fd032189155-1.jpg 1075w, https:\/\/reussirensemblepoursaintmichel.fr\/wp-content\/uploads\/2025\/12\/c81be87d-94ab-4815-8093-3fd032189155-1-300x165.jpg 300w, https:\/\/reussirensemblepoursaintmichel.fr\/wp-content\/uploads\/2025\/12\/c81be87d-94ab-4815-8093-3fd032189155-1-1024x563.jpg 1024w, https:\/\/reussirensemblepoursaintmichel.fr\/wp-content\/uploads\/2025\/12\/c81be87d-94ab-4815-8093-3fd032189155-1-768x422.jpg 768w\" sizes=\"auto, (max-width: 1075px) 100vw, 1075px\" \/><span aria-hidden=\"true\" class=\"wp-block-cover__background has-background-dim-20 has-background-dim\" style=\"background-color:#edf1f2\"><\/span><div class=\"wp-block-cover__inner-container has-global-padding is-layout-constrained wp-container-core-cover-is-layout-b1bebcb3 wp-block-cover-is-layout-constrained\">\n<div class=\"wp-block-group has-text-color is-layout-flow wp-block-group-is-layout-flow\" style=\"color:#fffffd;margin-top:0px;padding-top:0rem;padding-right:1rem;padding-bottom:0rem;padding-left:1rem;font-size:clamp(0.875rem, 0.875rem + ((1vw - 0.2rem) * 0.464), 1.13rem);font-style:normal;font-weight:400;line-height:1.4\">\n<div class=\"wp-block-group has-global-padding is-layout-constrained wp-container-core-group-is-layout-bdbfdc43 wp-block-group-is-layout-constrained\">\n<h2 class=\"wp-block-heading has-text-align-center has-text-color has-background\" style=\"border-style:none;border-width:0px;color:#ffffff;background-color:#13aba1d9;margin-top:0;margin-right:0;margin-bottom:0rem;font-size:clamp(1.507rem, 1.507rem + ((1vw - 0.2rem) * 1.824), 2.51rem);font-style:normal;font-weight:400;line-height:1.2\"><strong>Le dimanche 15 mars 2026, je vote :<br>R\u00e9ussir ensemble pour Saint-Michel<\/strong><\/h2>\n<\/div>\n<\/div>\n\n\n\n<ul class=\"wp-block-social-links has-huge-icon-size has-icon-background-color is-style-default is-content-justification-center is-layout-flex wp-container-core-social-links-is-layout-a89b3969 wp-block-social-links-is-layout-flex\" style=\"border-style:none;border-width:0px;border-top-left-radius:0px;border-top-right-radius:0px;border-bottom-left-radius:0px;border-bottom-right-radius:0px\"><li style=\"background-color:#eb5768;\" class=\"wp-social-link wp-social-link-facebook  wp-block-social-link\"><a href=\"https:\/\/www.facebook.com\/profile.php?id=61584670114003\" class=\"wp-block-social-link-anchor\"><svg width=\"24\" height=\"24\" viewBox=\"0 0 24 24\" version=\"1.1\" xmlns=\"http:\/\/www.w3.org\/2000\/svg\" aria-hidden=\"true\" focusable=\"false\"><path d=\"M12 2C6.5 2 2 6.5 2 12c0 5 3.7 9.1 8.4 9.9v-7H7.9V12h2.5V9.8c0-2.5 1.5-3.9 3.8-3.9 1.1 0 2.2.2 2.2.2v2.5h-1.3c-1.2 0-1.6.8-1.6 1.6V12h2.8l-.4 2.9h-2.3v7C18.3 21.1 22 17 22 12c0-5.5-4.5-10-10-10z\"><\/path><\/svg><span class=\"wp-block-social-link-label screen-reader-text\">Facebook<\/span><\/a><\/li><\/ul>\n<\/div><\/section>\n\n\n\n<p><\/p>\n","protected":false},"excerpt":{"rendered":"<p>Je vous pr\u00e9sente Nicole, ma 19\u1d49 colisti\u00e8re et doyenne de la liste \u00ab\u00a0R\u00e9ussir Ensemble\u00a0\u00bb. Retrait\u00e9e de l\u2019enseignement, Nicole a consacr\u00e9 plus de 35 ans de sa vie \u00e0 l\u2019\u00e9ducation des enfants de notre commune, de la maternelle au CE1. Des g\u00e9n\u00e9rations d\u2019\u00e9l\u00e8ves ont b\u00e9n\u00e9fici\u00e9 de son engagement, de sa patience et de son sens de [&hellip;]<\/p>\n","protected":false},"author":1,"featured_media":0,"parent":68,"menu_order":0,"comment_status":"closed","ping_status":"closed","template":"","meta":{"_monsterinsights_skip_tracking":false,"_monsterinsights_sitenote_active":false,"_monsterinsights_sitenote_note":"","_monsterinsights_sitenote_category":0,"_uf_show_specific_survey":0,"_uf_disable_surveys":false,"footnotes":""},"class_list":["post-474","page","type-page","status-publish","hentry"],"aioseo_notices":[],"_links":{"self":[{"href":"https:\/\/reussirensemblepoursaintmichel.fr\/index.php\/wp-json\/wp\/v2\/pages\/474","targetHints":{"allow":["GET"]}}],"collection":[{"href":"https:\/\/reussirensemblepoursaintmichel.fr\/index.php\/wp-json\/wp\/v2\/pages"}],"about":[{"href":"https:\/\/reussirensemblepoursaintmichel.fr\/index.php\/wp-json\/wp\/v2\/types\/page"}],"author":[{"embeddable":true,"href":"https:\/\/reussirensemblepoursaintmichel.fr\/index.php\/wp-json\/wp\/v2\/users\/1"}],"replies":[{"embeddable":true,"href":"https:\/\/reussirensemblepoursaintmichel.fr\/index.php\/wp-json\/wp\/v2\/comments?post=474"}],"version-history":[{"count":2,"href":"https:\/\/reussirensemblepoursaintmichel.fr\/index.php\/wp-json\/wp\/v2\/pages\/474\/revisions"}],"predecessor-version":[{"id":478,"href":"https:\/\/reussirensemblepoursaintmichel.fr\/index.php\/wp-json\/wp\/v2\/pages\/474\/revisions\/478"}],"up":[{"embeddable":true,"href":"https:\/\/reussirensemblepoursaintmichel.fr\/index.php\/wp-json\/wp\/v2\/pages\/68"}],"wp:attachment":[{"href":"https:\/\/reussirensemblepoursaintmichel.fr\/index.php\/wp-json\/wp\/v2\/media?parent=474"}],"curies":[{"name":"wp","href":"https:\/\/api.w.org\/{rel}","templated":true}]}}