{"id":376,"date":"2026-01-19T16:45:10","date_gmt":"2026-01-19T15:45:10","guid":{"rendered":"https:\/\/reussirensemblepoursaintmichel.fr\/?page_id=376"},"modified":"2026-01-19T16:45:28","modified_gmt":"2026-01-19T15:45:28","slug":"antoine-le-corre","status":"publish","type":"page","link":"https:\/\/reussirensemblepoursaintmichel.fr\/index.php\/notre-equipe\/antoine-le-corre\/","title":{"rendered":"Antoine LE CORRE"},"content":{"rendered":"\n<div class=\"wp-block-cover alignfull\" style=\"margin-top:0;margin-bottom:0;padding-top:0px;padding-bottom:80px;min-height:213px;aspect-ratio:unset;\"><img loading=\"lazy\" decoding=\"async\" width=\"1024\" height=\"576\" class=\"wp-block-cover__image-background wp-image-182 size-large\" alt=\"\" src=\"http:\/\/reussirensemblepoursaintmichel.fr\/wp-content\/uploads\/2026\/01\/Entete-arriere-plan-1024x576.png\" data-object-fit=\"cover\" srcset=\"https:\/\/reussirensemblepoursaintmichel.fr\/wp-content\/uploads\/2026\/01\/Entete-arriere-plan-1024x576.png 1024w, https:\/\/reussirensemblepoursaintmichel.fr\/wp-content\/uploads\/2026\/01\/Entete-arriere-plan-300x169.png 300w, https:\/\/reussirensemblepoursaintmichel.fr\/wp-content\/uploads\/2026\/01\/Entete-arriere-plan-768x432.png 768w, https:\/\/reussirensemblepoursaintmichel.fr\/wp-content\/uploads\/2026\/01\/Entete-arriere-plan.png 1366w\" sizes=\"auto, (max-width: 1024px) 100vw, 1024px\" \/><span aria-hidden=\"true\" class=\"wp-block-cover__background has-background-dim-0 has-background-dim\" style=\"background-color:#e9ceb0\"><\/span><div class=\"wp-block-cover__inner-container has-global-padding is-layout-constrained wp-container-core-cover-is-layout-d4c6b484 wp-block-cover-is-layout-constrained\">\n<div style=\"height:80px\" aria-hidden=\"true\" class=\"wp-block-spacer\"><\/div>\n\n\n\n<h1 class=\"wp-block-heading has-text-align-center has-text-color has-link-color has-system-font-font-family wp-elements-75b5e4855fd7f7258b8278a7aab5bcee\" style=\"color:#ffffff;font-size:clamp(38.682px, 2.418rem + ((1vw - 3.2px) * 3.786), 72px);font-style:normal;font-weight:600\">Antoine LE CORRE<\/h1>\n<\/div><\/div>\n\n\n\n<div class=\"wp-block-group alignwide has-global-padding is-layout-constrained wp-container-core-group-is-layout-5ff8a92b wp-block-group-is-layout-constrained\" style=\"margin-top:0;margin-bottom:0;padding-top:100px;padding-bottom:100px\">\n<div class=\"wp-block-columns is-layout-flex wp-container-core-columns-is-layout-92515837 wp-block-columns-is-layout-flex\">\n<div class=\"wp-block-column is-layout-flow wp-block-column-is-layout-flow\">\n<div id=\"wp-block-cp-cool-flipbox-block-a830d69f\" class=\"wp-block-cp-cool-flipbox-block anim flipY\"><div class=\"cfb-block-flip-inner\"><div class=\"cfb-block-flip-front\"><div class=\"cfb-block-flip-content\"><h3 class=\"cfb-block-front-title\"><\/h3><p class=\"cfb-block-front-desc\"><\/p><\/div><\/div><div class=\"cfb-block-flip-back\"><div class=\"cfb-block-flip-content\">\n<p><\/p>\n<\/div><\/div><\/div><\/div>\n<\/div>\n\n\n\n<div class=\"wp-block-column is-vertically-aligned-center has-global-padding is-content-justification-left is-layout-constrained wp-container-core-column-is-layout-12dd3699 wp-block-column-is-layout-constrained\">\n<p class=\"has-text-color has-link-color has-pontano-sans-font-family wp-elements-aa95e7b4f1d68354d9b9578d0271ac96\" style=\"color:#000000;font-size:clamp(14px, 0.875rem + ((1vw - 3.2px) * 0.455), 18px);\">Mon dixi\u00e8me colistier : Antoine Le Corre, que beaucoup connaissent d\u00e9j\u00e0.<\/p>\n\n\n\n<p>Depuis de nombreuses ann\u00e9es, Antoine s\u2019engage activement dans la vie locale \u00e0 travers des associations culturelles, artistiques, sportives et sociales. Convaincu que le tissu associatif est un pilier fondamental du lien social et du dynamisme communal, il en est un acteur reconnu et impliqu\u00e9.<\/p>\n\n\n\n<p>Son parcours professionnel et b\u00e9n\u00e9vole l\u2019a amen\u00e9 \u00e0 assumer des responsabilit\u00e9s importantes : coordination d\u2019\u00e9quipes, montage et pilotage de projets, organisation d\u2019\u00e9v\u00e9nements \u00e0 l\u2019\u00e9chelle locale et r\u00e9gionale. Il poss\u00e8de \u00e9galement une solide ma\u00eetrise des aspects administratifs et financiers, indispensables au bon fonctionnement et \u00e0 la p\u00e9rennit\u00e9 des actions associatives.<\/p>\n\n\n\n<p>Tr\u00e8s investi et profond\u00e9ment attach\u00e9 \u00e0 l\u2019int\u00e9r\u00eat collectif, Antoine est une ressource pr\u00e9cieuse pour l\u2019\u00e9quipe \u00ab R\u00e9ussir ensemble \u00bb.<\/p>\n\n\n\n<p class=\"has-text-color has-link-color has-pontano-sans-font-family wp-elements-e983b256632c6477e6c2ba73ecc27f11\" style=\"color:#000000;font-size:clamp(14px, 0.875rem + ((1vw - 3.2px) * 0.455), 18px);\">S\u2019il a choisi de nous rejoindre, c\u2019est parce qu\u2019il partage nos valeurs et souhaite mettre toute son exp\u00e9rience et son \u00e9nergie au service du d\u00e9veloppement et de la redynamisation de Saint-Michel.<\/p>\n<\/div>\n<\/div>\n<\/div>\n\n\n\n<section class=\"wp-block-cover alignfull is-light wp-duotone-unset-1\" style=\"border-style:none;border-width:0px;border-top-left-radius:0px;border-top-right-radius:0px;border-bottom-left-radius:0px;border-bottom-right-radius:0px;margin-top:0px;padding-top:1.01rem;padding-bottom:1.01rem;min-height:430px;aspect-ratio:unset;\"><img loading=\"lazy\" decoding=\"async\" width=\"1075\" height=\"591\" class=\"wp-block-cover__image-background wp-image-117 size-full\" alt=\"\" src=\"http:\/\/reussirensemblepoursaintmichel.fr\/wp-content\/uploads\/2025\/12\/c81be87d-94ab-4815-8093-3fd032189155-1.jpg\" style=\"object-position:50% 99%\" data-object-fit=\"cover\" data-object-position=\"50% 99%\" srcset=\"https:\/\/reussirensemblepoursaintmichel.fr\/wp-content\/uploads\/2025\/12\/c81be87d-94ab-4815-8093-3fd032189155-1.jpg 1075w, https:\/\/reussirensemblepoursaintmichel.fr\/wp-content\/uploads\/2025\/12\/c81be87d-94ab-4815-8093-3fd032189155-1-300x165.jpg 300w, https:\/\/reussirensemblepoursaintmichel.fr\/wp-content\/uploads\/2025\/12\/c81be87d-94ab-4815-8093-3fd032189155-1-1024x563.jpg 1024w, https:\/\/reussirensemblepoursaintmichel.fr\/wp-content\/uploads\/2025\/12\/c81be87d-94ab-4815-8093-3fd032189155-1-768x422.jpg 768w\" sizes=\"auto, (max-width: 1075px) 100vw, 1075px\" \/><span aria-hidden=\"true\" class=\"wp-block-cover__background has-background-dim-20 has-background-dim\" style=\"background-color:#edf1f2\"><\/span><div class=\"wp-block-cover__inner-container has-global-padding is-layout-constrained wp-container-core-cover-is-layout-b1bebcb3 wp-block-cover-is-layout-constrained\">\n<div class=\"wp-block-group has-text-color is-layout-flow wp-block-group-is-layout-flow\" style=\"color:#fffffd;margin-top:0px;padding-top:0rem;padding-right:1rem;padding-bottom:0rem;padding-left:1rem;font-size:clamp(0.875rem, 0.875rem + ((1vw - 0.2rem) * 0.464), 1.13rem);font-style:normal;font-weight:400;line-height:1.4\">\n<div class=\"wp-block-group has-global-padding is-layout-constrained wp-container-core-group-is-layout-bdbfdc43 wp-block-group-is-layout-constrained\">\n<h2 class=\"wp-block-heading has-text-align-center has-text-color has-background\" style=\"border-style:none;border-width:0px;color:#ffffff;background-color:#13aba1d9;margin-top:0;margin-right:0;margin-bottom:0rem;font-size:clamp(1.507rem, 1.507rem + ((1vw - 0.2rem) * 1.824), 2.51rem);font-style:normal;font-weight:400;line-height:1.2\"><strong>Le dimanche 15 mars 2026, je vote :<br>R\u00e9ussir ensemble pour Saint-Michel<\/strong><\/h2>\n<\/div>\n<\/div>\n\n\n\n<ul class=\"wp-block-social-links has-huge-icon-size has-icon-background-color is-style-default is-content-justification-center is-layout-flex wp-container-core-social-links-is-layout-a89b3969 wp-block-social-links-is-layout-flex\" style=\"border-style:none;border-width:0px;border-top-left-radius:0px;border-top-right-radius:0px;border-bottom-left-radius:0px;border-bottom-right-radius:0px\"><li style=\"background-color:#eb5768;\" class=\"wp-social-link wp-social-link-facebook  wp-block-social-link\"><a href=\"https:\/\/www.facebook.com\/profile.php?id=61584670114003\" class=\"wp-block-social-link-anchor\"><svg width=\"24\" height=\"24\" viewBox=\"0 0 24 24\" version=\"1.1\" xmlns=\"http:\/\/www.w3.org\/2000\/svg\" aria-hidden=\"true\" focusable=\"false\"><path d=\"M12 2C6.5 2 2 6.5 2 12c0 5 3.7 9.1 8.4 9.9v-7H7.9V12h2.5V9.8c0-2.5 1.5-3.9 3.8-3.9 1.1 0 2.2.2 2.2.2v2.5h-1.3c-1.2 0-1.6.8-1.6 1.6V12h2.8l-.4 2.9h-2.3v7C18.3 21.1 22 17 22 12c0-5.5-4.5-10-10-10z\"><\/path><\/svg><span class=\"wp-block-social-link-label screen-reader-text\">Facebook<\/span><\/a><\/li><\/ul>\n<\/div><\/section>\n\n\n\n<p><\/p>\n","protected":false},"excerpt":{"rendered":"<p>Mon dixi\u00e8me colistier : Antoine Le Corre, que beaucoup connaissent d\u00e9j\u00e0. Depuis de nombreuses ann\u00e9es, Antoine s\u2019engage activement dans la vie locale \u00e0 travers des associations culturelles, artistiques, sportives et sociales. Convaincu que le tissu associatif est un pilier fondamental du lien social et du dynamisme communal, il en est un acteur reconnu et impliqu\u00e9. [&hellip;]<\/p>\n","protected":false},"author":1,"featured_media":0,"parent":68,"menu_order":0,"comment_status":"closed","ping_status":"closed","template":"","meta":{"_monsterinsights_skip_tracking":false,"_monsterinsights_sitenote_active":false,"_monsterinsights_sitenote_note":"","_monsterinsights_sitenote_category":0,"_uf_show_specific_survey":0,"_uf_disable_surveys":false,"footnotes":""},"class_list":["post-376","page","type-page","status-publish","hentry"],"aioseo_notices":[],"_links":{"self":[{"href":"https:\/\/reussirensemblepoursaintmichel.fr\/index.php\/wp-json\/wp\/v2\/pages\/376","targetHints":{"allow":["GET"]}}],"collection":[{"href":"https:\/\/reussirensemblepoursaintmichel.fr\/index.php\/wp-json\/wp\/v2\/pages"}],"about":[{"href":"https:\/\/reussirensemblepoursaintmichel.fr\/index.php\/wp-json\/wp\/v2\/types\/page"}],"author":[{"embeddable":true,"href":"https:\/\/reussirensemblepoursaintmichel.fr\/index.php\/wp-json\/wp\/v2\/users\/1"}],"replies":[{"embeddable":true,"href":"https:\/\/reussirensemblepoursaintmichel.fr\/index.php\/wp-json\/wp\/v2\/comments?post=376"}],"version-history":[{"count":2,"href":"https:\/\/reussirensemblepoursaintmichel.fr\/index.php\/wp-json\/wp\/v2\/pages\/376\/revisions"}],"predecessor-version":[{"id":379,"href":"https:\/\/reussirensemblepoursaintmichel.fr\/index.php\/wp-json\/wp\/v2\/pages\/376\/revisions\/379"}],"up":[{"embeddable":true,"href":"https:\/\/reussirensemblepoursaintmichel.fr\/index.php\/wp-json\/wp\/v2\/pages\/68"}],"wp:attachment":[{"href":"https:\/\/reussirensemblepoursaintmichel.fr\/index.php\/wp-json\/wp\/v2\/media?parent=376"}],"curies":[{"name":"wp","href":"https:\/\/api.w.org\/{rel}","templated":true}]}}